{"id":998,"date":"2019-03-01T12:34:57","date_gmt":"2019-03-01T10:34:57","guid":{"rendered":"https:\/\/www.lavivesi.com\/?page_id=998"},"modified":"2022-10-28T12:39:07","modified_gmt":"2022-10-28T09:39:07","slug":"contact","status":"publish","type":"page","link":"https:\/\/www.lavivesi.com\/en\/contact\/","title":{"rendered":"CONTACT"},"content":{"rendered":"<div class=\"fusion-fullwidth fullwidth-box fusion-builder-row-1 nonhundred-percent-fullwidth non-hundred-percent-height-scrolling\" style=\"--awb-border-radius-top-left:0px;--awb-border-radius-top-right:0px;--awb-border-radius-bottom-right:0px;--awb-border-radius-bottom-left:0px;--awb-flex-wrap:wrap;\" ><div class=\"fusion-builder-row fusion-row\"><div class=\"fusion-layout-column fusion_builder_column fusion-builder-column-0 fusion_builder_column_1_1 1_1 fusion-one-full fusion-column-first fusion-column-last\" style=\"--awb-bg-size:cover;\"><div class=\"fusion-column-wrapper fusion-flex-column-wrapper-legacy\"><div class=\"fusion-text fusion-text-1\"><h1><img decoding=\"async\" class=\"alignright size-medium wp-image-966\" src=\"https:\/\/www.lavivesi.com\/wp-content\/uploads\/2019\/02\/LAVI-brandmark-3-300x151.jpg\" alt=\"\" width=\"300\" height=\"151\" srcset=\"https:\/\/www.lavivesi.com\/wp-content\/uploads\/2019\/02\/LAVI-brandmark-3-200x101.jpg 200w, https:\/\/www.lavivesi.com\/wp-content\/uploads\/2019\/02\/LAVI-brandmark-3-300x151.jpg 300w, https:\/\/www.lavivesi.com\/wp-content\/uploads\/2019\/02\/LAVI-brandmark-3-400x202.jpg 400w, https:\/\/www.lavivesi.com\/wp-content\/uploads\/2019\/02\/LAVI-brandmark-3-540x272.jpg 540w, https:\/\/www.lavivesi.com\/wp-content\/uploads\/2019\/02\/LAVI-brandmark-3-600x303.jpg 600w, https:\/\/www.lavivesi.com\/wp-content\/uploads\/2019\/02\/LAVI-brandmark-3-768x388.jpg 768w, https:\/\/www.lavivesi.com\/wp-content\/uploads\/2019\/02\/LAVI-brandmark-3-800x404.jpg 800w, https:\/\/www.lavivesi.com\/wp-content\/uploads\/2019\/02\/LAVI-brandmark-3.jpg 901w\" sizes=\"(max-width: 300px) 100vw, 300px\" \/>Lavi Vesi O\u00dc<\/h1>\n<p>Reg. nr. <strong>14508860<\/strong><\/p>\n<p>Address: <strong>Veski, Lavi k\u00fcla, Vinni vald, 46705 L\u00e4\u00e4ne-Virumaa<\/strong><\/p>\n<p>Member of board:\u00a0 <strong>Tiiu M\u00f6lder<\/strong><\/p>\n<p>Tel. <strong>+372 5665 2948<\/strong><\/p>\n<p>Email: <strong><a href=\"mailto:info@lavivesi.com\" target=\"_blank\" rel=\"noopener noreferrer\">info@lavivesi.com<\/a><\/strong><\/p>\n<\/div><div class=\"fusion-image-element in-legacy-container\" style=\"--awb-caption-title-font-family:var(--h2_typography-font-family);--awb-caption-title-font-weight:var(--h2_typography-font-weight);--awb-caption-title-font-style:var(--h2_typography-font-style);--awb-caption-title-size:var(--h2_typography-font-size);--awb-caption-title-transform:var(--h2_typography-text-transform);--awb-caption-title-line-height:var(--h2_typography-line-height);--awb-caption-title-letter-spacing:var(--h2_typography-letter-spacing);\"><span class=\" fusion-imageframe imageframe-none imageframe-1 hover-type-none\"><img decoding=\"async\" width=\"640\" height=\"427\" title=\"FOTO LAVI PAKEND\" src=\"https:\/\/www.lavivesi.com\/wp-content\/uploads\/2019\/06\/FOTO-LAVI-PAKEND.jpeg\" alt class=\"img-responsive wp-image-1112\" srcset=\"https:\/\/www.lavivesi.com\/wp-content\/uploads\/2019\/06\/FOTO-LAVI-PAKEND-200x133.jpeg 200w, https:\/\/www.lavivesi.com\/wp-content\/uploads\/2019\/06\/FOTO-LAVI-PAKEND-400x267.jpeg 400w, https:\/\/www.lavivesi.com\/wp-content\/uploads\/2019\/06\/FOTO-LAVI-PAKEND-600x400.jpeg 600w, https:\/\/www.lavivesi.com\/wp-content\/uploads\/2019\/06\/FOTO-LAVI-PAKEND.jpeg 640w\" sizes=\"(max-width: 1080px) 100vw, 640px\" \/><\/span><\/div><div class=\"fusion-clearfix\"><\/div><\/div><\/div><\/div><\/div>\n","protected":false},"excerpt":{"rendered":"","protected":false},"author":1,"featured_media":0,"parent":0,"menu_order":0,"comment_status":"closed","ping_status":"closed","template":"","meta":{"footnotes":""},"class_list":["post-998","page","type-page","status-publish","hentry"],"_links":{"self":[{"href":"https:\/\/www.lavivesi.com\/en\/wp-json\/wp\/v2\/pages\/998","targetHints":{"allow":["GET"]}}],"collection":[{"href":"https:\/\/www.lavivesi.com\/en\/wp-json\/wp\/v2\/pages"}],"about":[{"href":"https:\/\/www.lavivesi.com\/en\/wp-json\/wp\/v2\/types\/page"}],"author":[{"embeddable":true,"href":"https:\/\/www.lavivesi.com\/en\/wp-json\/wp\/v2\/users\/1"}],"replies":[{"embeddable":true,"href":"https:\/\/www.lavivesi.com\/en\/wp-json\/wp\/v2\/comments?post=998"}],"version-history":[{"count":9,"href":"https:\/\/www.lavivesi.com\/en\/wp-json\/wp\/v2\/pages\/998\/revisions"}],"predecessor-version":[{"id":1346,"href":"https:\/\/www.lavivesi.com\/en\/wp-json\/wp\/v2\/pages\/998\/revisions\/1346"}],"wp:attachment":[{"href":"https:\/\/www.lavivesi.com\/en\/wp-json\/wp\/v2\/media?parent=998"}],"curies":[{"name":"wp","href":"https:\/\/api.w.org\/{rel}","templated":true}]}}